{"id":27806,"date":"2024-09-23T08:52:58","date_gmt":"2024-09-23T08:52:58","guid":{"rendered":"https:\/\/www.toppi.fi\/en\/industries\/energiateollisuus\/"},"modified":"2025-01-29T11:42:47","modified_gmt":"2025-01-29T11:42:47","slug":"energy-industry","status":"publish","type":"page","link":"https:\/\/www.toppi.fi\/en\/industries\/energy-industry\/","title":{"rendered":"Energy Industry"},"content":{"rendered":"<div id='full_slider_1' class='avia-fullwidth-slider main_color avia-shadow   avia-builder-el-0  el_before_av_one_full  avia-builder-el-first  container_wrap fullsize' style=' '  ><div  data-size='no scaling'  data-lightbox_size='large'  data-animation='slide'  data-conditional_play=''  data-ids='25792'  data-video_counter='0'  data-autoplay='false'  data-bg_slider='false'  data-slide_height=''  data-handle='av_slideshow_full'  data-interval='5'  data-class=' image_no_stretch'  data-css_id=''  data-scroll_down=''  data-control_layout='av-control-hidden'  data-custom_markup=''  data-perma_caption=''  data-autoplay_stopper=''  data-image_attachment=''  data-min_height='0px'  data-src=''  data-position='top left'  data-repeat='no-repeat'  data-attach='scroll'  data-stretch='image_no_stretch'  class='avia-slideshow avia-slideshow-1  av-control-hidden av-default-height-applied avia-slideshow-no scaling av_slideshow_full  image_no_stretch avia-slide-slider '  itemprop=\"ImageObject\" itemscope=\"itemscope\" itemtype=\"https:\/\/schema.org\/ImageObject\" ><ul class='avia-slideshow-inner ' style='padding-bottom: 30.9765625%;' ><li  class=' av-single-slide slide-1 ' ><div data-rel='slideshow-1' class='avia-slide-wrap '   ><img src='https:\/\/www.toppi.fi\/wp-content\/uploads\/2024\/08\/energiateollisuus-scaled.jpg' width='2560' height='793' title='energiateollisuus' alt=''  itemprop=\"thumbnailUrl\"   \/><\/div><\/li><\/ul><\/div><\/div><div id='after_full_slider_1' class='main_color av_default_container_wrap container_wrap fullsize' style=' '  ><div class='container' ><div class='template-page content  av-content-full alpha units'><div class='post-entry post-entry-type-page post-entry-27806'><div class='entry-content-wrapper clearfix'>\n<div class=\"flex_column av_one_full  flex_column_div av-zero-column-padding first  avia-builder-el-1  el_after_av_slideshow_full  el_before_av_one_full  avia-builder-el-first  \" style='border-radius:0px; '><\/div>\n<div class=\"flex_column av_one_full  flex_column_div av-zero-column-padding first  avia-builder-el-2  el_after_av_one_full  el_before_av_one_full  column-top-margin\" style='border-radius:0px; '><div style='padding-bottom:10px; font-size:35px;' class='av-special-heading av-special-heading-h3  blockquote modern-quote  avia-builder-el-3  avia-builder-el-no-sibling   av-inherit-size '><h3 class='av-special-heading-tag '  itemprop=\"headline\"  >Turvalliset ja laadukkaat energiateollisuuden tuotteet<\/h3><div class='special-heading-border'><div class='special-heading-inner-border' ><\/div><\/div><\/div><\/div>\n<div class=\"flex_column av_one_full  flex_column_div av-zero-column-padding first  avia-builder-el-4  el_after_av_one_full  el_before_av_one_half  column-top-margin\" style='border-radius:0px; '><section class=\"av_textblock_section \"  itemscope=\"itemscope\" itemtype=\"https:\/\/schema.org\/CreativeWork\" ><div class='avia_textblock  '   itemprop=\"text\" ><p>Energiateollisuuden tarpeisiin valmistamme <a href=\"\/?p=3784\">ToppCover\u2122<\/a>-eristysletkuja, erilaisia eristysprofiileja, <a href=\"https:\/\/www.toppi.fi\/en\/products\/special-products\/\">ToppMulti\u2122<\/a>-moniputkikaapeleita, <a href=\"https:\/\/www.toppi.fi\/en\/products\/special-products\/\">ToppPart\u2122<\/a> taivutettuja putkia erilaisten s\u00e4hk\u00f6laitteiden nestej\u00e4\u00e4hdytysj\u00e4rjestelmiin kuten tuulivoimaloiden taajuusmuuttajiin, <a href=\"https:\/\/www.toppi.fi\/en\/products\/special-products\/\">ToppBand\u2122<\/a> sidontaspiraaleja sek\u00e4 virtakiskonsuojia. Ymm\u00e4rr\u00e4mme energiateollisuuden tarpeet ja vaatimukset ja tied\u00e4mme muovin laajat mahdollisuudet sek\u00e4 hyv\u00e4t ominaisuudet energiateollisuuden kannalta.<\/p>\n<p>Muovi on t\u00e4rke\u00e4ss\u00e4 teht\u00e4v\u00e4ss\u00e4 yhteiskunnan energianjakelun kannalta. Muovin hyv\u00e4 muovattavuus yhdistettyn\u00e4 sen s\u00e4hk\u00f6\u00e4 ja l\u00e4mp\u00f6\u00e4 erist\u00e4viin ominaisuuksiin luo perustan niin uusiutuvien kuin uusiutumattomien energial\u00e4hteiden hy\u00f6dynt\u00e4miselle.<\/p>\n<\/div><\/section><\/div><div class=\"flex_column av_one_half  flex_column_div av-zero-column-padding first  avia-builder-el-6  el_after_av_one_full  el_before_av_one_half  column-top-margin\" style='border-radius:0px; '><div class='avia-image-container  av-styling-circle    avia-builder-el-7  avia-builder-el-no-sibling  avia-align-center '  itemprop=\"ImageObject\" itemscope=\"itemscope\" itemtype=\"https:\/\/schema.org\/ImageObject\"  ><div class='avia-image-container-inner'><div class='avia-image-overlay-wrap'><img class='avia_image' src='https:\/\/www.toppi.fi\/wp-content\/uploads\/2016\/11\/ToppCover-1.png' alt='' title='ToppCover' height=\"800\" width=\"800\"  itemprop=\"thumbnailUrl\"  \/><\/div><\/div><\/div><\/div><\/p>\n<div class=\"flex_column av_one_half  flex_column_div av-zero-column-padding   avia-builder-el-8  el_after_av_one_half  el_before_av_one_full  column-top-margin\" style='border-radius:0px; '><p><div style='padding-bottom:10px; ' class='av-special-heading av-special-heading-h2  blockquote modern-quote  avia-builder-el-9  el_before_av_textblock  avia-builder-el-first   '><h2 class='av-special-heading-tag '  itemprop=\"headline\"  >Korkealaatuisuus ja turvallisuus<\/h2><div class='special-heading-border'><div class='special-heading-inner-border' ><\/div><\/div><\/div><br \/>\n<section class=\"av_textblock_section \"  itemscope=\"itemscope\" itemtype=\"https:\/\/schema.org\/CreativeWork\" ><div class='avia_textblock  '   itemprop=\"text\" ><p>K\u00e4yt\u00e4nn\u00f6ss\u00e4 muovi on materiaali, joka mahdollistaa kaukol\u00e4mm\u00f6n olemassaolon ja kaikki s\u00e4hk\u00f6kaapeloinnit. My\u00f6s rakennusten l\u00e4mm\u00f6neristys perustuu suurelta osin muoviin ja sen ainutlaatuisiin ominaisuuksiin: oikein asennettujen muovieristeiden ja -tiivisteiden ansiosta rakennukset kuluttavat v\u00e4hemm\u00e4n energiaa.<\/p>\n<p>Muovieristeiden merkitys on huomattava, sill\u00e4 EU:ssa kuluu nelj\u00e4nnes kaikesta energiasta rakennusten l\u00e4mmitt\u00e4miseen ja viilent\u00e4miseen.<\/p>\n<p>Energiateollisuuteen valmistettavissa tuotteissa t\u00e4rkeit\u00e4 ominaisuuksia ovat turvallisuus ja tuotteiden korkea laatu. Valmistamme my\u00f6s halogeenivapaita ja palosuojattuja tuotteita energiateollisuuden tarpeisiin.<\/p>\n<p>Otathan yhteytt\u00e4 asiantuntijoihimme niin keskustellaan tarkemmin: <a href=\"mailto:info@toppi.fi\">info@toppi.fi<\/a><\/p>\n<\/div><\/section><\/p><\/div><div class=\"flex_column av_one_full  flex_column_div av-zero-column-padding first  avia-builder-el-11  el_after_av_one_half  el_before_av_one_full  column-top-margin\" style='border-radius:0px; '><\/div><\/p>\n<div class=\"flex_column av_one_full  flex_column_div av-zero-column-padding first  avia-builder-el-12  el_after_av_one_full  avia-builder-el-last  column-top-margin\" style='border-radius:0px; '><\/div>\n","protected":false},"excerpt":{"rendered":"","protected":false},"author":1,"featured_media":0,"parent":27768,"menu_order":0,"comment_status":"closed","ping_status":"closed","template":"","meta":{"_improvement_type_select":"improve_an_existing","_thumb_yes_seoaic":false,"_frame_yes_seoaic":false,"seoaic_generate_description":"","seoaic_improve_instructions_prompt":"","seoaic_rollback_content_improvement":"","seoaic_idea_thumbnail_generator":"","thumbnail_generated":false,"thumbnail_generate_prompt":"","seoaic_article_description":"","_vp_format_video_url":"","_vp_image_focal_point":[],"footnotes":""},"class_list":["post-27806","page","type-page","status-publish","hentry"],"_links":{"self":[{"href":"https:\/\/www.toppi.fi\/en\/wp-json\/wp\/v2\/pages\/27806","targetHints":{"allow":["GET"]}}],"collection":[{"href":"https:\/\/www.toppi.fi\/en\/wp-json\/wp\/v2\/pages"}],"about":[{"href":"https:\/\/www.toppi.fi\/en\/wp-json\/wp\/v2\/types\/page"}],"author":[{"embeddable":true,"href":"https:\/\/www.toppi.fi\/en\/wp-json\/wp\/v2\/users\/1"}],"replies":[{"embeddable":true,"href":"https:\/\/www.toppi.fi\/en\/wp-json\/wp\/v2\/comments?post=27806"}],"version-history":[{"count":4,"href":"https:\/\/www.toppi.fi\/en\/wp-json\/wp\/v2\/pages\/27806\/revisions"}],"predecessor-version":[{"id":28253,"href":"https:\/\/www.toppi.fi\/en\/wp-json\/wp\/v2\/pages\/27806\/revisions\/28253"}],"up":[{"embeddable":true,"href":"https:\/\/www.toppi.fi\/en\/wp-json\/wp\/v2\/pages\/27768"}],"wp:attachment":[{"href":"https:\/\/www.toppi.fi\/en\/wp-json\/wp\/v2\/media?parent=27806"}],"curies":[{"name":"wp","href":"https:\/\/api.w.org\/{rel}","templated":true}]}}